{"id":987508316,"date":"2024-12-09T13:47:58","date_gmt":"2024-12-09T13:47:58","guid":{"rendered":"https:\/\/easoventures.es\/?page_id=987508316"},"modified":"2024-12-09T13:47:58","modified_gmt":"2024-12-09T13:47:58","slug":"aviso-legal","status":"publish","type":"page","link":"https:\/\/easoventures.es\/en\/aviso-legal\/","title":{"rendered":"Legal Notice"},"content":{"rendered":"<p>El presente documento establece las Condiciones Generales de Uso de esta p\u00e1gina de internet, (en adelante website) que la sociedad cuyos datos registrales se muestran a continuaci\u00f3n presta en internet:<\/p>\n<p><strong>Nombre Empresa<\/strong>: BERRIUP, S.L.<br \/>\n<strong>CIF<\/strong>:\u00a0 B75138594<br \/>\n<strong>DIRECCION<\/strong>: Zuatzu 7, Edificio UROLA, Bajo1 \u2013 20018 \u2013 Donostia-San Sebasti\u00e1n<br \/>\n<strong>TLF\u00a0<\/strong>: 609 483428<br \/>\n<strong>Email<\/strong>: easo@easoventures.com<\/p>\n<p><strong>DATOS REGISTRO MERCANTIL<br \/>\nTOMO:\u00a0<\/strong>2708<strong><br \/>\nLIBRO:\u00a0<\/strong>0<strong><br \/>\nFOLIO:\u00a0<\/strong>213<strong><br \/>\nHOJA:\u00a0<\/strong>SS-37898<strong><br \/>\nINSCRIPCI\u00d3N:\u00a0<\/strong>1\u00aa<\/p>\n<p>La utilizaci\u00f3n de los servicios y\/o contenidos de este website por parte del usuario supone su adhesi\u00f3n y aceptaci\u00f3n expresa a todas las Condiciones Generales de Uso en la versi\u00f3n publicada en el presente website, as\u00ed como a la pol\u00edtica de protecci\u00f3n de datos.<\/p>","protected":false},"excerpt":{"rendered":"<p>El presente documento establece las Condiciones Generales de Uso de esta p\u00e1gina de internet, (en adelante website) que la sociedad cuyos datos registrales se muestran a continuaci\u00f3n presta en internet: Nombre Empresa: BERRIUP, S.L. CIF:\u00a0 B75138594 DIRECCION: Zuatzu 7, Edificio UROLA, Bajo1 \u2013 20018 \u2013 Donostia-San Sebasti\u00e1n TLF\u00a0: 609 483428 Email: easo@easoventures.com DATOS REGISTRO MERCANTIL [&hellip;]<\/p>\n","protected":false},"author":1,"featured_media":0,"parent":0,"menu_order":0,"comment_status":"closed","ping_status":"closed","template":"","meta":{"_et_pb_use_builder":"","_et_pb_old_content":"","_et_gb_content_width":"","slim_seo":{"title":"Aviso Legal - Easo Ventures","description":"El presente documento establece las Condiciones Generales de Uso de esta p\u00e1gina de internet, (en adelante website) que la sociedad cuyos datos registrales se mu"},"footnotes":""},"class_list":["post-987508316","page","type-page","status-publish","hentry"],"_links":{"self":[{"href":"https:\/\/easoventures.es\/en\/wp-json\/wp\/v2\/pages\/987508316","targetHints":{"allow":["GET"]}}],"collection":[{"href":"https:\/\/easoventures.es\/en\/wp-json\/wp\/v2\/pages"}],"about":[{"href":"https:\/\/easoventures.es\/en\/wp-json\/wp\/v2\/types\/page"}],"author":[{"embeddable":true,"href":"https:\/\/easoventures.es\/en\/wp-json\/wp\/v2\/users\/1"}],"replies":[{"embeddable":true,"href":"https:\/\/easoventures.es\/en\/wp-json\/wp\/v2\/comments?post=987508316"}],"version-history":[{"count":1,"href":"https:\/\/easoventures.es\/en\/wp-json\/wp\/v2\/pages\/987508316\/revisions"}],"predecessor-version":[{"id":987508317,"href":"https:\/\/easoventures.es\/en\/wp-json\/wp\/v2\/pages\/987508316\/revisions\/987508317"}],"wp:attachment":[{"href":"https:\/\/easoventures.es\/en\/wp-json\/wp\/v2\/media?parent=987508316"}],"curies":[{"name":"wp","href":"https:\/\/api.w.org\/{rel}","templated":true}]}}